{"id":223,"date":"2024-07-07T09:30:18","date_gmt":"2024-07-07T13:30:18","guid":{"rendered":"https:\/\/jrmcconnell.foundation\/?page_id=223"},"modified":"2024-08-06T14:17:29","modified_gmt":"2024-08-06T18:17:29","slug":"code-de-conduite-et-dethique-et-procedure-de-plainte","status":"publish","type":"page","link":"https:\/\/jrmcconnell.foundation\/fr\/code-de-conduite-et-dethique-et-procedure-de-plainte\/","title":{"rendered":"CODE DE CONDUITE ET D&rsquo;\u00c9THIQUE"},"content":{"rendered":"\n<p>La Fondation John R. McConnell (ci-apr\u00e8s nomm\u00e9e&nbsp;\u00ab\u2009la Fondation\u2009\u00bb) a pour principe&nbsp;fondamental d\u2019exiger les normes \u00e9thiques les plus \u00e9lev\u00e9es, car la confiance du public dans ses performances est le fondement de sa l\u00e9gitimit\u00e9. Le public fait confiance \u00e0 la Fondation pour mener \u00e0 bien sa mission, pour \u00eatre un bon gestionnaire des fonds de dotation et pour respecter des normes de conduite rigoureuses.<\/p>\n\n\n\n<p>La Fondation doit m\u00e9riter cette confiance chaque jour. Il est donc essentiel que les personnes impliqu\u00e9es dans la Fondation, les membres du Conseil d\u2019administration, le personnel et les b\u00e9n\u00e9voles d\u00e9montrent leur engagement permanent envers les valeurs fondamentales que sont l\u2019int\u00e9grit\u00e9, l\u2019honn\u00eatet\u00e9, l\u2019impartialit\u00e9, l\u2019ouverture, le respect et la responsabilit\u00e9.<\/p>\n\n\n\n<p>Le Conseil d\u2019administration est conscient de son r\u00f4le en tant&nbsp;qu\u2019instance dirigeante&nbsp;de la Fondation et accepte l\u2019enti\u00e8re responsabilit\u00e9 de la d\u00e9finition de l\u2019orientation, de la mission, de la direction strat\u00e9gique et des politiques de la Fondation. Le Conseil d\u2019administration est \u00e9galement responsable de la supervision des finances et des op\u00e9rations, ainsi que des actions et des performances des dirigeants et du personnel en g\u00e9n\u00e9ral. Les administrateurs veilleront \u00e0 ce que, en tant que groupe, ils poss\u00e8dent ou&nbsp;acquerront&nbsp;les comp\u00e9tences et l\u2019exp\u00e9rience n\u00e9cessaires,&nbsp;et \u00e0 ce&nbsp;qu\u2019ils obtiennent les ressources requises pour mener \u00e0 bien la mission de la Fondation<\/p>\n\n\n\n<p>Le conseil d\u2019administration promeut les normes les plus \u00e9lev\u00e9es en mati\u00e8re de comportement \u00e9thique. Le pr\u00e9sent code de conduite et d\u2019\u00e9thique a \u00e9t\u00e9 \u00e9tabli pour fournir des lignes directrices appropri\u00e9es.<\/p>\n\n\n\n<p>Le conseil d\u2019administration, le personnel et les b\u00e9n\u00e9voles doivent agir avec comp\u00e9tence, int\u00e9grit\u00e9 et \u00e9quit\u00e9 dans l\u2019exercice de leurs fonctions au sein de la Fondation.<\/p>\n\n\n\n<p>Dans le cadre de leurs activit\u00e9s philanthropiques, les administrateurs, les dirigeants, le personnel et les b\u00e9n\u00e9voles de la Fondation agissent dans le respect de la lettre et de l\u2019esprit de la loi. La Fondation s\u2019int\u00e9resse \u00e0 l\u2019int\u00e9r\u00eat public, assume l\u2019enti\u00e8re responsabilit\u00e9 de ses actes, communique avec sinc\u00e9rit\u00e9 et veille \u00e0 ce que les documents publics soient facilement accessibles tout en pr\u00e9servant la vie priv\u00e9e et la confidentialit\u00e9. La Fondation g\u00e8re ses ressources avec prudence et frugalit\u00e9, en \u00e9vitant activement les d\u00e9penses excessives.<\/p>\n\n\n\n<p><strong>PAR CONS\u00c9QUENT<\/strong>\u202f:&nbsp;Les administrateurs, les dirigeants, le personnel et les b\u00e9n\u00e9voles de la Fondation doivent adh\u00e9rer \u00e0 la d\u00e9claration suivante concernant l\u2019application du Code de conduite et d\u2019\u00e9thique et la signer avant d\u2019exercer leurs fonctions au sein de la Fondation John R. McConnell.<\/p>\n\n\n\n<p><strong>D\u00c9CLARATION DES ADMINISTRATEURS, DES DIRIGEANTS, DU PERSONNEL ET DES B\u00c9N\u00c9VOLES CONCERNANT LE CODE DE CONDUITE ET D\u2019\u00c9THIQUE DE LA FONDATION JOHN R.&nbsp;McCONNELL\u202f:<\/strong><\/p>\n\n\n\n<p>Nous, administrateurs, employ\u00e9s et b\u00e9n\u00e9voles de la Fondation John R. McConnell, nous consacrons \u00e0 la r\u00e9alisation de la mission de cette organisation. Nous nous engageons \u00e0 faire ce qui suit\u202f:<\/p>\n\n\n\n<ol class=\"wp-block-list\">\n<li>Reconna\u00eetre que la principale fonction de la Fondation consiste&nbsp;\u00e0&nbsp;promouvoir et&nbsp;mener&nbsp;\u00e0&nbsp;bien&nbsp;sa mission philanthropique en tout temps.<\/li>\n\n\n\n<li>Accepter comme un devoir personnel la responsabilit\u00e9 de&nbsp;nous&nbsp;tenir au courant des questions \u00e9mergentes et de&nbsp;nous&nbsp;conduire avec comp\u00e9tence professionnelle, \u00e9quit\u00e9, impartialit\u00e9,&nbsp;efficacit\u00e9 et efficience.<\/li>\n\n\n\n<li>Respecter la structure et les responsabilit\u00e9s du conseil d\u2019administration, lui fournir des faits et des conseils sur la base desquels il peut prendre des d\u00e9cisions politiques, et soutenir et mettre en \u0153uvre les politiques adopt\u00e9es par le conseil d\u2019administration.<\/li>\n\n\n\n<li>G\u00e9rer avec prudence les fonds et les ressources qui nous sont confi\u00e9s et agir en tant que gestionnaire responsable de ces actifs. Nos rapports, documents et \u00e9tats financiers refl\u00e8tent une information pr\u00e9cise et une divulgation publique claire.<\/li>\n\n\n\n<li>Exercer&nbsp;notre&nbsp;pouvoir discr\u00e9tionnaire de mani\u00e8re raisonnable et en toute bonne foi, conform\u00e9ment \u00e0 la loi, pour mener \u00e0 bien la mission de la Fondation John R. McConnell.<\/li>\n\n\n\n<li>Adopter un comportement conforme aux lois et r\u00e9glementations en vigueur.<\/li>\n\n\n\n<li>Servir avec respect, consid\u00e9ration, courtoisie et r\u00e9ceptivit\u00e9&nbsp;dans l\u2019accomplissement de la mission de la Fondation John R. McConnell.<\/li>\n\n\n\n<li>Faire preuve des normes les plus \u00e9lev\u00e9es en mati\u00e8re d\u2019int\u00e9grit\u00e9 personnelle, de v\u00e9racit\u00e9, d\u2019honn\u00eatet\u00e9 et de force morale dans toutes nos activit\u00e9s afin d\u2019inspirer la confiance dans&nbsp;nos activit\u00e9s.<\/li>\n\n\n\n<li>Emp\u00eacher&nbsp;que des conflits d\u2019int\u00e9r\u00eats&nbsp;cr\u00e9ent&nbsp;des irr\u00e9gularit\u00e9s,&nbsp;r\u00e9elles ou potentielles,&nbsp;susceptibles de nuire \u00e0 notre efficacit\u00e9 et \u00e0 notre r\u00e9putation, conform\u00e9ment \u00e0 la politique de la Fondation en mati\u00e8re de conflits d\u2019int\u00e9r\u00eats.<\/li>\n\n\n\n<li>Respecter et prot\u00e9ger les informations&nbsp;confidentielles&nbsp;auxquelles nous avons acc\u00e8s dans le cadre de nos fonctions officielles.<\/li>\n\n\n\n<li>Viser l\u2019excellence personnelle et professionnelle et encourager le d\u00e9veloppement professionnel des autres.<\/li>\n<\/ol>\n\n\n\n<ul class=\"wp-block-list\">\n<li>Ce code s\u2019inspire des Politiques cl\u00e9s de gouvernance et d\u2019administration, Guide de r\u00e9f\u00e9rence pour les fondations communautaires canadiennes, 2021. Fondation communautaire du Canada.<\/li>\n<\/ul>\n","protected":false},"excerpt":{"rendered":"<p>La Fondation John R. McConnell (ci-apr\u00e8s nomm\u00e9e&nbsp;\u00ab\u2009la Fondation\u2009\u00bb) a pour principe&nbsp;fondamental d\u2019exiger les normes \u00e9thiques les plus \u00e9lev\u00e9es, car la confiance du public dans ses performances est le fondement de sa l\u00e9gitimit\u00e9. Le public fait confiance \u00e0 la Fondation pour mener \u00e0 bien sa mission, pour \u00eatre un bon gestionnaire des fonds de dotation et&hellip;<\/p>\n","protected":false},"author":1,"featured_media":0,"parent":0,"menu_order":0,"comment_status":"closed","ping_status":"closed","template":"","meta":{"_acf_changed":false,"footnotes":""},"class_list":["post-223","page","type-page","status-publish","hentry"],"acf":[],"_links":{"self":[{"href":"https:\/\/jrmcconnell.foundation\/fr\/wp-json\/wp\/v2\/pages\/223","targetHints":{"allow":["GET"]}}],"collection":[{"href":"https:\/\/jrmcconnell.foundation\/fr\/wp-json\/wp\/v2\/pages"}],"about":[{"href":"https:\/\/jrmcconnell.foundation\/fr\/wp-json\/wp\/v2\/types\/page"}],"author":[{"embeddable":true,"href":"https:\/\/jrmcconnell.foundation\/fr\/wp-json\/wp\/v2\/users\/1"}],"replies":[{"embeddable":true,"href":"https:\/\/jrmcconnell.foundation\/fr\/wp-json\/wp\/v2\/comments?post=223"}],"version-history":[{"count":5,"href":"https:\/\/jrmcconnell.foundation\/fr\/wp-json\/wp\/v2\/pages\/223\/revisions"}],"predecessor-version":[{"id":399,"href":"https:\/\/jrmcconnell.foundation\/fr\/wp-json\/wp\/v2\/pages\/223\/revisions\/399"}],"wp:attachment":[{"href":"https:\/\/jrmcconnell.foundation\/fr\/wp-json\/wp\/v2\/media?parent=223"}],"curies":[{"name":"wp","href":"https:\/\/api.w.org\/{rel}","templated":true}]}}