{"id":227,"date":"2024-07-07T09:34:53","date_gmt":"2024-07-07T13:34:53","guid":{"rendered":"https:\/\/jrmcconnell.foundation\/?page_id=227"},"modified":"2024-08-01T15:11:33","modified_gmt":"2024-08-01T19:11:33","slug":"gouvernance","status":"publish","type":"page","link":"https:\/\/jrmcconnell.foundation\/fr\/gouvernance\/","title":{"rendered":"GOUVERNANCE"},"content":{"rendered":"\n<p>Le conseil d&rsquo;administration de la Fondation John R. McConnell est compos\u00e9 de trois administrateurs. Pierre-Hugues Fortin et P. Stuart&nbsp;Iversen&nbsp;sont deux avocats qui ont travaill\u00e9 avec John R. McConnell pendant pr\u00e8s de dix ans avant son d\u00e9c\u00e8s en 2015. Ils ont d\u00e9velopp\u00e9 une relation \u00e9troite et de confiance avec lui. Ils ont \u00e9t\u00e9 nomm\u00e9s ex\u00e9cuteurs testamentaires de John R. McConnell et administrateurs de la&nbsp;Fondation John R. McConnell&nbsp;afin de superviser la gestion et la distribution de ses fonds, et de s\u2019assurer que son h\u00e9ritage se poursuivrait apr\u00e8s sa mort. Un ami tr\u00e8s cher du fondateur, M.\u202fJohn&nbsp;Tolson, a \u00e9galement \u00e9t\u00e9 nomm\u00e9 administrateur de la Fondation.<\/p>\n\n\n\n<p>Pierre-Hugues Fortin et P. Stuart&nbsp;Iversen&nbsp;agissent \u00e9galement en tant que dirigeants de la Fondation et leurs coordonn\u00e9es sont les suivantes\u202f:<\/p>\n\n\n\n<div class=\"wp-block-columns is-layout-flex wp-container-core-columns-is-layout-28f84493 wp-block-columns-is-layout-flex\">\n<div class=\"wp-block-column is-layout-flow wp-block-column-is-layout-flow\">\n<div class=\"wp-block-group is-layout-constrained wp-block-group-is-layout-constrained\">\n<p><strong>Me Pierre-Hugues Fortin<\/strong><br>Pr\u00e9sident<br>Fondation John R. McConnell<br>1350, rue Sherbrooke Ouest, bureau\u202f1200<br>Montr\u00e9al (QC) H3G 1J1<br>Courriel\u202f:&nbsp;<a href=\"mailto:phfortin@lafondationjohnrmcconnellfoundation.ca\" target=\"_blank\" rel=\"noreferrer noopener\">phfortin@lafondationjohnrmcconnellfoundation.ca<\/a><br>T\u00e9l.\u202f: 514-379-6292<\/p>\n<\/div>\n<\/div>\n\n\n\n<div class=\"wp-block-column is-layout-flow wp-block-column-is-layout-flow\">\n<p><strong>Me P. Stuart\u00a0Iversen<\/strong><br>Secr\u00e9taire-Tr\u00e9sorier<br>Fondation John R. McConnell<br>1350, rue Sherbrooke Ouest, bureau\u202f1200<br>Montr\u00e9al (QC) H3G 1J1<br>Courriel\u202f:\u00a0<a href=\"mailto:psiversen@lafondationjohnrmcconnellfoundation.ca\" target=\"_blank\" rel=\"noreferrer noopener\">psiversen@lafondationjohnrmcconnellfoundation.ca<\/a><br>T\u00e9l.\u202f: 514-379-6292<\/p>\n<\/div>\n<\/div>\n","protected":false},"excerpt":{"rendered":"<p>Le conseil d&rsquo;administration de la Fondation John R. McConnell est compos\u00e9 de trois administrateurs. Pierre-Hugues Fortin et P. Stuart&nbsp;Iversen&nbsp;sont deux avocats qui ont travaill\u00e9 avec John R. McConnell pendant pr\u00e8s de dix ans avant son d\u00e9c\u00e8s en 2015. Ils ont d\u00e9velopp\u00e9 une relation \u00e9troite et de confiance avec lui. Ils ont \u00e9t\u00e9 nomm\u00e9s ex\u00e9cuteurs testamentaires&hellip;<\/p>\n","protected":false},"author":1,"featured_media":0,"parent":0,"menu_order":0,"comment_status":"closed","ping_status":"closed","template":"","meta":{"_acf_changed":false,"footnotes":""},"class_list":["post-227","page","type-page","status-publish","hentry"],"acf":[],"_links":{"self":[{"href":"https:\/\/jrmcconnell.foundation\/fr\/wp-json\/wp\/v2\/pages\/227","targetHints":{"allow":["GET"]}}],"collection":[{"href":"https:\/\/jrmcconnell.foundation\/fr\/wp-json\/wp\/v2\/pages"}],"about":[{"href":"https:\/\/jrmcconnell.foundation\/fr\/wp-json\/wp\/v2\/types\/page"}],"author":[{"embeddable":true,"href":"https:\/\/jrmcconnell.foundation\/fr\/wp-json\/wp\/v2\/users\/1"}],"replies":[{"embeddable":true,"href":"https:\/\/jrmcconnell.foundation\/fr\/wp-json\/wp\/v2\/comments?post=227"}],"version-history":[{"count":4,"href":"https:\/\/jrmcconnell.foundation\/fr\/wp-json\/wp\/v2\/pages\/227\/revisions"}],"predecessor-version":[{"id":364,"href":"https:\/\/jrmcconnell.foundation\/fr\/wp-json\/wp\/v2\/pages\/227\/revisions\/364"}],"wp:attachment":[{"href":"https:\/\/jrmcconnell.foundation\/fr\/wp-json\/wp\/v2\/media?parent=227"}],"curies":[{"name":"wp","href":"https:\/\/api.w.org\/{rel}","templated":true}]}}