{"id":498,"date":"2025-01-15T17:58:46","date_gmt":"2025-01-15T22:58:46","guid":{"rendered":"https:\/\/jrmcconnell.foundation\/?page_id=498"},"modified":"2025-01-15T18:37:56","modified_gmt":"2025-01-15T23:37:56","slug":"fondation-john-r-mcconnell-rapport-annuel-2024","status":"publish","type":"page","link":"https:\/\/jrmcconnell.foundation\/fr\/fondation-john-r-mcconnell-rapport-annuel-2024\/","title":{"rendered":"Fondation John R. McConnell &#8211; Rapport Annuel 2024"},"content":{"rendered":"\n<p>Nous sommes heureux de pr\u00e9senter le Rapport Annuel 2024 de la Fondation John R. McConnell. Cette ann\u00e9e, nous avons continu\u00e9 \u00e0 honorer l\u2019h\u00e9ritage de notre fondateur en soutenant une s\u00e9rie de projets ayant un impact significatif sur le bien-\u00eatre communautaire. Qu\u2019il s\u2019agisse d\u2019am\u00e9liorer la s\u00e9curit\u00e9 des pompiers, de r\u00e9duire la pauvret\u00e9 et d\u2019aider les plus d\u00e9munis en luttant contre l\u2019ins\u00e9curit\u00e9 alimentaire et en am\u00e9liorant les services sociaux, ou de faire progresser les soins de sant\u00e9 et l\u2019\u00e9ducation, les contributions de notre Fondation refl\u00e8tent notre engagement \u00e0 faire une diff\u00e9rence significative dans la communaut\u00e9.<\/p>\n\n\n\n<p>Chaque projet qui est d\u00e9crit dans notre rapport illustre le d\u00e9vouement de notre Fondation \u00e0 r\u00e9pondre aux besoins pressants de la soci\u00e9t\u00e9 qu\u00e9b\u00e9coise qui cadrent avec notre mission tripartite. Nous esp\u00e9rons que ces initiatives apporteront non seulement un soulagement imm\u00e9diat, mais \u00e9galement des avantages durables pour les communaut\u00e9s qui b\u00e9n\u00e9ficient de notre aide.<\/p>\n\n\n\n<p>Merci pour l\u2019int\u00e9r\u00eat continu que vous portez au travail de la Fondation John R. McConnell.<\/p>\n\n\n\n<h2 class=\"wp-block-heading\"><span style=\"text-decoration: underline;\">Mission<\/span><\/h2>\n\n\n\n<p>La Fondation John R. McConnell soutient des organismes de bienfaisance canadiens admissibles qui abordent des enjeux de pauvret\u00e9, de sant\u00e9, d\u2019\u00e9ducation et de d\u00e9veloppement communautaire. Guid\u00e9e par les valeurs et les exp\u00e9riences de vie de son fondateur, la Fondation se concentre sur trois domaines principaux :<\/p>\n\n\n\n<p>&#8211; Soutenir les pompiers volontaires et les initiatives de lutte contre les incendies.<\/p>\n\n\n\n<p>&#8211; Faire progresser les soins de sant\u00e9, en particulier dans la recherche sur le diab\u00e8te et les maladies r\u00e9nales.<\/p>\n\n\n\n<p>&#8211; R\u00e9duire la pauvret\u00e9 et aider les d\u00e9munis.<\/p>\n\n\n\n<h2 class=\"wp-block-heading\"><span style=\"text-decoration: underline;\">Revue des activit\u00e9s et dons en 2024<\/span><\/h2>\n\n\n\n<p>En 2024, notre Fondation a soutenu diverses initiatives en lien direct avec sa mission et en fonction des besoins des communaut\u00e9s \u00e0 travers la province du Qu\u00e9bec.<\/p>\n\n\n\n<h2 class=\"wp-block-heading\"><span style=\"text-decoration: underline;\">Soutenir la s\u00e9curit\u00e9 et la formation des pompiers<\/span><\/h2>\n\n\n\n<h2 class=\"wp-block-heading\">1. Service des incendies de Sainte-Famille-de-l&rsquo;\u00cele-d&rsquo;Orl\u00e9ans<\/h2>\n\n\n\n<p>Ce service incendie a b\u00e9n\u00e9fici\u00e9 d\u2019un don de 105 644,11 $, permettant l\u2019achat d\u2019\u00e9quipements de d\u00e9contamination, notamment des laveuses sp\u00e9cialis\u00e9es, des casiers et des v\u00eatements de protection. Ces am\u00e9liorations garantissent la conformit\u00e9 avec les r\u00e8glements de s\u00e9curit\u00e9 de la CNESST et renforcent la sant\u00e9 et la s\u00e9curit\u00e9 des pompiers volontaires.<\/p>\n\n\n\n<h2 class=\"wp-block-heading\">2. R\u00e9gie intermunicipale en s\u00e9curit\u00e9 incendie du secteur Nord (RISISN)<\/h2>\n\n\n\n<p>Cet organisme, qui a une entente avec le Service des incendies de la Ville d\u2019Alma pour superviser les op\u00e9rations, l\u2019administration et la pr\u00e9vention pour toute la r\u00e9gion (Saint-Nazaire, Labrecque, Lamarche, L\u2019Ascension-de-Notre-Seigneur et Saint-Lazare), a re\u00e7u une subvention de 123 298,22 $ pour l\u2019achat d\u2019un camion de pompiers, de laveuses commerciales pour d\u00e9contaminer les v\u00eatements des pompiers, et d\u2019un syst\u00e8me de localisation Pak-Tracker pour secourir le personnel lors des urgences.<\/p>\n\n\n\n<h2 class=\"wp-block-heading\">3. Service des incendies de Bedford<\/h2>\n\n\n\n<p>Avec une contribution de 106 860 $, le service a acquis des pinces de d\u00e9sincarc\u00e9ration \u00e9lectriques. Cet outil de sauvetage de pointe am\u00e9liore l\u2019efficacit\u00e9 des interventions et sert de ressource de formation pour d\u2019autres services d\u2019incendie de la r\u00e9gion.<\/p>\n\n\n\n<h2 class=\"wp-block-heading\"><span style=\"text-decoration: underline;\">R\u00e9duire la pauvret\u00e9 et soutenir les d\u00e9munis par des initiatives contre l&rsquo;ins\u00e9curit\u00e9 alimentaire et en soutenant les familles<\/span><\/h2>\n\n\n\n<h2 class=\"wp-block-heading\">4. Centre d&rsquo;Action B\u00e9n\u00e9vole Marguerite Dubois<\/h2>\n\n\n\n<p>Cet organisme situ\u00e9 \u00e0 Bromont et Brigham a re\u00e7u une subvention de 100 000 $ pour soutenir son projet de relocalisation. Les fonds permettront de s\u2019assurer d\u2019un espace plus grand et adapt\u00e9, am\u00e9liorant leur capacit\u00e9 \u00e0 offrir des services essentiels tels que la distribution alimentaire, les op\u00e9rations de friperie et le soutien psychosocial aux individus et familles dans le besoin.<\/p>\n\n\n\n<h2 class=\"wp-block-heading\">5. Association B\u00e9n\u00e9vole de l&rsquo;\u00cele d&rsquo;Orl\u00e9ans (ABIO)<\/h2>\n\n\n\n<p>Cet organisme, d\u00e9di\u00e9 \u00e0 la promotion du b\u00e9n\u00e9volat et au soutien des populations vuln\u00e9rables, a re\u00e7u 20 185 $ pour financer un projet de cuisine communautaire.<\/p>\n\n\n\n<h2 class=\"wp-block-heading\">6. Centre d&rsquo;Action B\u00e9n\u00e9vole Domaine-du-Roy (CABDDR)<\/h2>\n\n\n\n<p>Situ\u00e9 \u00e0 Saint-F\u00e9licien, cet organisme a re\u00e7u une subvention de 10 000 $ pour soutenir ses programmes de soupe populaire et d\u2019aide alimentaire, qui ont servi plus de 3 300 repas en 2024. Le financement permet de r\u00e9pondre aux besoins des familles locales, y compris des \u00e9tudiants \u00e9trangers et des personnes confront\u00e9es \u00e0 l\u2019ins\u00e9curit\u00e9 alimentaire.<\/p>\n\n\n\n<h2 class=\"wp-block-heading\">7. Moisson d&rsquo;Alma<\/h2>\n\n\n\n<p>Cette banque alimentaire essentielle d\u2019Alma soutient plus de 900 familles par an en distribuant des milliers de paniers alimentaires. La subvention de 40 000 $ de la Fondation a permis l\u2019achat d\u2019un v\u00e9hicule r\u00e9frig\u00e9r\u00e9, garantissant le transport et le stockage s\u00e9curitaire des denr\u00e9es alimentaires.<\/p>\n\n\n\n<h2 class=\"wp-block-heading\">8. Comit\u00e9 d&rsquo;Aide de Beauceville (C.A.B.)<\/h2>\n\n\n\n<p>Organisme de longue date ax\u00e9 sur la lutte contre la pauvret\u00e9 dans la r\u00e9gion de Beauceville, le C.A.B. a utilis\u00e9 un don de 50 000 $ pour \u00e9tablir une cuisine communautaire. Cet \u00e9quipement fournira des repas et favorisera l\u2019engagement social parmi les membres de la communaut\u00e9.<\/p>\n\n\n\n<h2 class=\"wp-block-heading\">9. Entraide Communautaire Sainte-M\u00e9lanie<\/h2>\n\n\n\n<p>Situ\u00e9 \u00e0 Sainte-M\u00e9lanie, cet organisme offre une aide alimentaire et mat\u00e9rielle aux familles dans le besoin. Une subvention de 10 000 $ a soutenu l\u2019achat d\u2019\u00e9quipements pour abris, denr\u00e9es alimentaires suppl\u00e9mentaires et cadeaux de Noel pour les enfants.<\/p>\n\n\n\n<h2 class=\"wp-block-heading\"><span style=\"text-decoration: underline;\">Faire progresser l&rsquo;\u00e9ducation, le d\u00e9veloppement communautaire et am\u00e9liorer les services sociaux<\/span><\/h2>\n\n\n\n<h2 class=\"wp-block-heading\">10. Metis Beach School<\/h2>\n\n\n\n<p>Cette \u00e9cole anglophone situ\u00e9e \u00e0 M\u00e9tis-sur-Mer favorise le d\u00e9veloppement des \u00e9l\u00e8ves par l\u2019apprentissage exp\u00e9rientiel. Un don de 10 000 $ a couvert les co\u00fbts de transport pour des sorties \u00e9ducatives, permettant \u00e0 tous les \u00e9l\u00e8ves de participer \u00e0 des activit\u00e9s favorisant le d\u00e9veloppement des comp\u00e9tences et la condition physique.<\/p>\n\n\n\n<h2 class=\"wp-block-heading\">11. Fondation des pompiers du Qu\u00e9bec<\/h2>\n\n\n\n<p>Cette Fondation a re\u00e7u un don de 25,000 $ pour la phase 2 du projet Flambo visant \u00e0 d\u00e9velopper des outils \u00e9ducatifs engageants sur la s\u00e9curit\u00e9 incendie pour les enfants, tels que des livres d\u2019histoires, des cahiers \u00e0 colorier et des cartes pr\u00e9ventives \u00e0 collectionner. Ces ressources visent \u00e0 rendre l\u2019\u00e9ducation sur la s\u00e9curit\u00e9 incendie accessible et facile \u00e0 apprendre.<\/p>\n\n\n\n<h2 class=\"wp-block-heading\">12. Fondation Batshaw<\/h2>\n\n\n\n<p>Notre Fondation a octroy\u00e9 21 120 $ \u00e0 cet organisme pour financer un programme de th\u00e9rapie canine visant \u00e0 am\u00e9liorer la sant\u00e9 mentale et le bien-\u00eatre \u00e9motionnel des enfants et des jeunes en situation de vuln\u00e9rabilit\u00e9. Le programme int\u00e8gre des chiens de th\u00e9rapie dans des cadres cliniques pour offrir du r\u00e9confort et renforcer la r\u00e9silience des participants.<\/p>\n\n\n\n<h2 class=\"wp-block-heading\">13. Centre de p\u00e9diatrie sociale en communaut\u00e9 de Lanaudi\u00e8re (CPSCL) &#8211; premi\u00e8re tranche d&rsquo;un engagement de 100 000 $<\/h2>\n\n\n\n<p>Une subvention de 50 000 $ a soutenu la mission de cet organisme visant \u00e0 fournir des soins de sant\u00e9 et des services sociaux accessibles aux enfants et familles d\u00e9favoris\u00e9s. Le financement a contribu\u00e9 \u00e0 l\u2019expansion des services \u00e0 Chertsey et \u00e0 Rawdon, r\u00e9pondant \u00e0 des besoins communautaires urgents.<\/p>\n\n\n\n<h2 class=\"wp-block-heading\"><span style=\"text-decoration: underline;\">Am\u00e9liorer l&rsquo;acc\u00e8s aux soins de sant\u00e9 et la recherche<\/span><\/h2>\n\n\n\n<h2 class=\"wp-block-heading\">14. Diab\u00e8te Drummond inc.<\/h2>\n\n\n\n<p>Bas\u00e9 \u00e0 Drummondville, cet organisme soutient les personnes vivant avec le diab\u00e8te gr\u00e2ce \u00e0 l\u2019\u00e9ducation et \u00e0 l\u2019assistance financi\u00e8re. La subvention de 50 000 $ pour le programme John R. McConnell PompeAcc\u00e8s+ a fourni des pompes \u00e0 insuline et des fournitures essentielles \u00e0 des diab\u00e9tiques faisant face \u00e0 des difficult\u00e9s financi\u00e8res.<\/p>\n\n\n\n<h2 class=\"wp-block-heading\">15. Centre Hospitalier Universitaire de Sherbrooke (CHUS)<\/h2>\n\n\n\n<p>En tant qu\u2019\u00e9tablissement de recherche et de soins de sant\u00e9 de premier plan, le Centre de recherche du CHUS a re\u00e7u un don de 100 000 $ (premi\u00e8re tranche d\u2019un engagement de 300 000 $) pour moderniser les \u00e9quipements d\u2019imagerie (IRM-Imagerie par R\u00e9sonnace Magn\u00e9tique). Ce financement a \u00e9galement b\u00e9n\u00e9fici\u00e9 au d\u00e9partement de n\u00e9phrologie pour l\u2019achat de deux appareils de mesure de pression.<\/p>\n\n\n\n<h2 class=\"wp-block-heading\"><span style=\"text-decoration: underline;\">Soutien op\u00e9rationnel g\u00e9n\u00e9ral<\/span><\/h2>\n\n\n\n<h2 class=\"wp-block-heading\">16. Mission Old Brewery<\/h2>\n\n\n\n<p>Un don de 10 000 $ (premi\u00e8re tranche d\u2019un engagement de 30 000 $) a soutenu cette organisation bas\u00e9e \u00e0 Montr\u00e9al, qui offre des services d\u2019urgence, un soutien psychosocial et des initiatives de relogement aux personnes sans-abri ou \u00e0 risque de le devenir.<\/p>\n\n\n\n<h2 class=\"wp-block-heading\">17. Mile End Community Mission<\/h2>\n\n\n\n<p>Un don de 10 000 $ a soutenu leurs efforts pour fournir des services essentiels aux personnes confront\u00e9es \u00e0 la pauvret\u00e9, \u00e0 la toxicomanie et \u00e0 l\u2019itin\u00e9rance, notamment une banque alimentaire, des ventes de v\u00eatements et une aide d\u2019urgence.<\/p>\n\n\n\n<h2 class=\"wp-block-heading\">18. Dans la rue<\/h2>\n\n\n\n<p>Un don de 10 000 $ a soutenu le travail de cette organisation qui vient en aide aux jeunes sans-abris ou en situation pr\u00e9caire, en leur veillant \u00e0 leurs besoins imm\u00e9diats et en leur procurant l\u2019\u00e9ducation et le mentorat afin de les aider \u00e0 construire un avenir meilleur.<\/p>\n\n\n\n<h2 class=\"wp-block-heading\">19. Fondation G\u00e9n\u00e9rations<\/h2>\n\n\n\n<p>Avec 10 000 $, cette organisation caritative permettra \u00e0 des enfants et des familles d\u2019avoir acc\u00e8s \u00e0 des repas nutritifs et des fournitures scolaires essentielles, favorisant la croissance et le bien-\u00eatre.<\/p>\n\n\n\n<h2 class=\"wp-block-heading\">20. Fonds de Noel du journal The Gazette<\/h2>\n\n\n\n<p>Une subvention de 10 000 $ a soutenu cette initiative qui offre une aide financi\u00e8re directe aux familles pendant la saison des f\u00eates, aidant \u00e0 att\u00e9nuer le stress financier et \u00e0 apporter de la joie \u00e0 ceux dans le besoin.<\/p>\n\n\n\n<h2 class=\"wp-block-heading\"><span style=\"text-decoration: underline;\">Engagements 2024<\/span><\/h2>\n\n\n\n<p>Les dons \u00e9num\u00e9r\u00e9s dans cette cat\u00e9gorie refl\u00e8tent les engagements pris au cours des ann\u00e9es pr\u00e9c\u00e9dentes pour distribution en 2024.<\/p>\n\n\n\n<h2 class=\"wp-block-heading\">Garde c\u00f4ti\u00e8re canadienne auxiliaire (Qu\u00e9bec) &#8211; GCAC(Q)<\/h2>\n\n\n\n<p>Notre Fondation a vers\u00e9 la deuxi\u00e8me tranche de 178 500 $ pour un don total de 357 000 $. Ce financement soutient l\u2019acquisition d\u2019un bateau de sauvetage rapide stationn\u00e9 \u00e0 la marina de Rimouski pour am\u00e9liorer les op\u00e9rations de recherche et de sauvetage.<\/p>\n\n\n\n<h2 class=\"wp-block-heading\">Fondation des pompiers du Qu\u00e9bec<\/h2>\n\n\n\n<p>Notre Fondation a fourni la deuxi\u00e8me tranche de 27 500 $ pour un don total de 55 000 $. Ce financement soutient la phase 1 du projet Flambo, ax\u00e9 sur l\u2019\u00e9ducation pr\u00e9ventive contre les incendies et les initiatives de s\u00e9curit\u00e9 communautaire.<\/p>\n\n\n\n<h2 class=\"wp-block-heading\"><span style=\"text-decoration: underline;\">Aper\u00e7u financier<\/span><\/h2>\n\n\n\n<p>En 2024, la Fondation John R. McConnell a distribu\u00e9 1 078 107,33 $ en dons, soutenant 20 projets \u00e0 travers la province de Qu\u00e9bec. Gr\u00e2ce \u00e0 une gestion prudente et \u00e0 des dons strat\u00e9giques, la Fondation continue d\u2019assurer la durabilit\u00e9 de sa mission.<\/p>\n\n\n\n<p>Nous vous remercions pour votre int\u00e9r\u00eat continu dans notre travail .<\/p>\n\n\n\n<p>Fondation John R. McConnell<\/p>\n\n\n\n<p>Par :<br>Pierre-Hugues Fortin, Pr\u00e9sident<br>P. Stuart Iversen, Secr\u00e9taire-Tr\u00e9sorier<\/p>\n","protected":false},"excerpt":{"rendered":"<p>Nous sommes heureux de pr\u00e9senter le Rapport Annuel 2024 de la Fondation John R. McConnell. Cette ann\u00e9e, nous avons continu\u00e9 \u00e0 honorer l\u2019h\u00e9ritage de notre fondateur en soutenant une s\u00e9rie de projets ayant un impact significatif sur le bien-\u00eatre communautaire. Qu\u2019il s\u2019agisse d\u2019am\u00e9liorer la s\u00e9curit\u00e9 des pompiers, de r\u00e9duire la pauvret\u00e9 et d\u2019aider les plus&hellip;<\/p>\n","protected":false},"author":2,"featured_media":0,"parent":0,"menu_order":0,"comment_status":"closed","ping_status":"closed","template":"","meta":{"_acf_changed":false,"footnotes":""},"class_list":["post-498","page","type-page","status-publish","hentry"],"acf":[],"_links":{"self":[{"href":"https:\/\/jrmcconnell.foundation\/fr\/wp-json\/wp\/v2\/pages\/498","targetHints":{"allow":["GET"]}}],"collection":[{"href":"https:\/\/jrmcconnell.foundation\/fr\/wp-json\/wp\/v2\/pages"}],"about":[{"href":"https:\/\/jrmcconnell.foundation\/fr\/wp-json\/wp\/v2\/types\/page"}],"author":[{"embeddable":true,"href":"https:\/\/jrmcconnell.foundation\/fr\/wp-json\/wp\/v2\/users\/2"}],"replies":[{"embeddable":true,"href":"https:\/\/jrmcconnell.foundation\/fr\/wp-json\/wp\/v2\/comments?post=498"}],"version-history":[{"count":3,"href":"https:\/\/jrmcconnell.foundation\/fr\/wp-json\/wp\/v2\/pages\/498\/revisions"}],"predecessor-version":[{"id":502,"href":"https:\/\/jrmcconnell.foundation\/fr\/wp-json\/wp\/v2\/pages\/498\/revisions\/502"}],"wp:attachment":[{"href":"https:\/\/jrmcconnell.foundation\/fr\/wp-json\/wp\/v2\/media?parent=498"}],"curies":[{"name":"wp","href":"https:\/\/api.w.org\/{rel}","templated":true}]}}